{"id":24,"date":"2025-10-03T10:15:11","date_gmt":"2025-10-03T13:15:11","guid":{"rendered":"https:\/\/noitediadianoite.com\/?page_id=24"},"modified":"2025-10-03T10:15:11","modified_gmt":"2025-10-03T13:15:11","slug":"politica-de-cookies","status":"publish","type":"page","link":"https:\/\/noitediadianoite.com\/en\/politica-de-cookies\/","title":{"rendered":"Cookie Policy"},"content":{"rendered":"<p>Cookies are used on our website to improve performance and user experience. We recommend reading the following information to understand how we process your data and use this information. Our website uses the following types of cookies:<\/p>\n\n\n\n<p><strong>Essential cookies:<\/strong> Essential for providing website services and ensuring basic functionality, such as member area login and fast content loading. Without them, several features may not function properly.<\/p>\n\n\n\n<p><strong>Functionality cookies:<\/strong> Allow the website to remember your preferences, such as language, login details, and other personalized settings. This makes browsing easier, without having to repeat information.<\/p>\n\n\n\n<p><strong>Analysis and performance cookies:<\/strong> collect data about website traffic and how visitors interact with it. This information is anonymous and includes the number of visits, pages viewed, referring websites, and other statistics. It is used to monitor and optimize website functionality.<\/p>\n\n\n\n<p>For this purpose, we use the <strong>Google Analytics<\/strong>, which uses its own cookies. Details on how Google protects your data are available at: <a href=\"http:\/\/www.google.com\/analytics\/learn\/privacy.html\">Google Privacy<\/a><\/p>\n\n\n\n<p>You can disable Google Analytics by installing this browser extension: <a href=\"https:\/\/tools.google.com\/dlpage\/gaoptout?hl=en-GB\">Disable Google Analytics<\/a><\/p>\n\n\n\n<p><strong>Advertising cookies:<\/strong> analyze your browsing experience to display ads more relevant to your interests. With your permission, they can use information from your browsing history to display personalized advertising. If you prefer to disable this type of cookie, visit: <a href=\"https:\/\/www.youronlinechoices.com\/uk\/your-ad-choices\">Your Online Choices<\/a>.<\/p>\n\n\n\n<p>You will still see ads, but they won&#039;t be tailored to your profile.<\/p>\n\n\n\n<p><strong>Social media cookies:<\/strong> are used when you share content from our website on platforms such as Facebook, Twitter or Google+, or access our materials through them.<\/p>\n\n\n\n<p>By continuing to browse our website, you agree to the use of cookies in accordance with this policy. For more details on how to manage them, please refer to your browser settings.<\/p>","protected":false},"excerpt":{"rendered":"<p>Os cookies s\u00e3o utilizados em nosso site para aprimorar a performance e a experi\u00eancia do usu\u00e1rio. Recomendamos a leitura das informa\u00e7\u00f5es a seguir para compreender de que forma tratamos seus dados e utilizamos essas informa\u00e7\u00f5es. Nosso site faz uso dos seguintes tipos de cookies: Cookies essenciais: indispens\u00e1veis para disponibilizar os servi\u00e7os do site e garantir [&hellip;]<\/p>","protected":false},"author":1,"featured_media":0,"parent":0,"menu_order":0,"comment_status":"closed","ping_status":"closed","template":"","meta":{"footnotes":""},"class_list":["post-24","page","type-page","status-publish","hentry"],"_links":{"self":[{"href":"https:\/\/noitediadianoite.com\/en\/wp-json\/wp\/v2\/pages\/24","targetHints":{"allow":["GET"]}}],"collection":[{"href":"https:\/\/noitediadianoite.com\/en\/wp-json\/wp\/v2\/pages"}],"about":[{"href":"https:\/\/noitediadianoite.com\/en\/wp-json\/wp\/v2\/types\/page"}],"author":[{"embeddable":true,"href":"https:\/\/noitediadianoite.com\/en\/wp-json\/wp\/v2\/users\/1"}],"replies":[{"embeddable":true,"href":"https:\/\/noitediadianoite.com\/en\/wp-json\/wp\/v2\/comments?post=24"}],"version-history":[{"count":1,"href":"https:\/\/noitediadianoite.com\/en\/wp-json\/wp\/v2\/pages\/24\/revisions"}],"predecessor-version":[{"id":25,"href":"https:\/\/noitediadianoite.com\/en\/wp-json\/wp\/v2\/pages\/24\/revisions\/25"}],"wp:attachment":[{"href":"https:\/\/noitediadianoite.com\/en\/wp-json\/wp\/v2\/media?parent=24"}],"curies":[{"name":"wp","href":"https:\/\/api.w.org\/{rel}","templated":true}]}}