{"id":22,"date":"2025-10-03T10:14:22","date_gmt":"2025-10-03T13:14:22","guid":{"rendered":"https:\/\/noitediadianoite.com\/?page_id=22"},"modified":"2025-10-03T10:14:22","modified_gmt":"2025-10-03T13:14:22","slug":"politica-de-comentarios","status":"publish","type":"page","link":"https:\/\/noitediadianoite.com\/es\/politica-de-comentarios\/","title":{"rendered":"Pol\u00edtica de comentarios"},"content":{"rendered":"<h2 class=\"wp-block-heading\"><strong>1. Prop\u00f3sito de los comentarios<\/strong><\/h2>\n\n\n\n<p>Nuestro objetivo es fomentar un ambiente sano y respetuoso para el intercambio de ideas. Los comentarios son bienvenidos y animamos a los lectores a participar, siempre que cumplan con las directrices establecidas en esta pol\u00edtica.<\/p>\n\n\n\n<h2 class=\"wp-block-heading\"><strong>2. Reglas generales<\/strong><\/h2>\n\n\n\n<p>Para mantener un espacio de discusi\u00f3n productivo y respetuoso, los comentarios deben seguir estas pautas:<\/p>\n\n\n\n<ul class=\"wp-block-list\">\n<li><strong>Respeto y civilidad<\/strong>:Los comentarios ofensivos, discriminatorios, calumniosos, difamatorios o que inciten al odio ser\u00e1n eliminados.<\/li>\n\n\n\n<li><strong>Sin spam<\/strong>:No permitimos comentarios con publicidad excesiva, enlaces sospechosos o contenido promocional irrelevante.<\/li>\n\n\n\n<li><strong>Sin noticias falsas<\/strong>:Los comentarios que contengan informaci\u00f3n falsa, enga\u00f1osa o no verificada pueden ser eliminados.<\/li>\n\n\n\n<li><strong>Evite BLOQ MAY\u00daS<\/strong>Los comentarios en may\u00fasculas pueden interpretarse como gritos y no son bienvenidos.<\/li>\n\n\n\n<li><strong>Contenido apropiado<\/strong>:No se aceptar\u00e1n comentarios que incluyan lenguaje obsceno, pornogr\u00e1fico, violento o cualquier contenido inapropiado.<\/li>\n<\/ul>\n\n\n\n<h2 class=\"wp-block-heading\"><strong>3. Moderaci\u00f3n de comentarios<\/strong><\/h2>\n\n\n\n<p>Nos reservamos el derecho de revisar, editar o eliminar cualquier comentario que infrinja estas directrices. Adem\u00e1s:<\/p>\n\n\n\n<ul class=\"wp-block-list\">\n<li>Los comentarios pueden ser moderados antes o despu\u00e9s de su publicaci\u00f3n.<\/li>\n\n\n\n<li>Los comentarios que violen esta pol\u00edtica pueden eliminarse sin previo aviso.<\/li>\n\n\n\n<li>Los usuarios que violen estas reglas repetidamente pueden ser bloqueados.<\/li>\n<\/ul>\n\n\n\n<h2 class=\"wp-block-heading\"><strong>4. Responsabilidad por los comentarios<\/strong><\/h2>\n\n\n\n<p>Los comentarios publicados son responsabilidad exclusiva de sus autores y no representan necesariamente la opini\u00f3n del autor. <strong>[Nombre del sitio]<\/strong> o sus administradores.<\/p>\n\n\n\n<h2 class=\"wp-block-heading\"><strong>5. Derecho de respuesta<\/strong><\/h2>\n\n\n\n<p>Nuestro canal de noticias valora la libertad de expresi\u00f3n, pero respeta el derecho de r\u00e9plica. Si un comentario da\u00f1a la reputaci\u00f3n de una persona o entidad, esta puede solicitar su eliminaci\u00f3n o una respuesta oficial.<\/p>\n\n\n\n<h2 class=\"wp-block-heading\"><strong>6. Cambios de pol\u00edtica<\/strong><\/h2>\n\n\n\n<p>Es posible que revisemos esta pol\u00edtica peri\u00f3dicamente para garantizar que se mantenga en l\u00ednea con los principios de nuestro sitio web y comunidad.<\/p>","protected":false},"excerpt":{"rendered":"<p>1. Prop\u00f3sito dos Coment\u00e1rios Nosso objetivo \u00e9 promover um ambiente saud\u00e1vel e respeitoso para a troca de ideias. Os coment\u00e1rios s\u00e3o bem-vindos e incentivamos a participa\u00e7\u00e3o dos leitores, desde que respeitem as diretrizes estabelecidas nesta pol\u00edtica. 2. Regras Gerais Para manter um espa\u00e7o de discuss\u00e3o produtivo e respeitoso, os coment\u00e1rios devem seguir estas diretrizes: 3. [&hellip;]<\/p>","protected":false},"author":1,"featured_media":0,"parent":0,"menu_order":0,"comment_status":"closed","ping_status":"closed","template":"","meta":{"footnotes":""},"class_list":["post-22","page","type-page","status-publish","hentry"],"_links":{"self":[{"href":"https:\/\/noitediadianoite.com\/es\/wp-json\/wp\/v2\/pages\/22","targetHints":{"allow":["GET"]}}],"collection":[{"href":"https:\/\/noitediadianoite.com\/es\/wp-json\/wp\/v2\/pages"}],"about":[{"href":"https:\/\/noitediadianoite.com\/es\/wp-json\/wp\/v2\/types\/page"}],"author":[{"embeddable":true,"href":"https:\/\/noitediadianoite.com\/es\/wp-json\/wp\/v2\/users\/1"}],"replies":[{"embeddable":true,"href":"https:\/\/noitediadianoite.com\/es\/wp-json\/wp\/v2\/comments?post=22"}],"version-history":[{"count":1,"href":"https:\/\/noitediadianoite.com\/es\/wp-json\/wp\/v2\/pages\/22\/revisions"}],"predecessor-version":[{"id":23,"href":"https:\/\/noitediadianoite.com\/es\/wp-json\/wp\/v2\/pages\/22\/revisions\/23"}],"wp:attachment":[{"href":"https:\/\/noitediadianoite.com\/es\/wp-json\/wp\/v2\/media?parent=22"}],"curies":[{"name":"wp","href":"https:\/\/api.w.org\/{rel}","templated":true}]}}