{"id":24,"date":"2025-10-03T10:15:11","date_gmt":"2025-10-03T13:15:11","guid":{"rendered":"https:\/\/noitediadianoite.com\/?page_id=24"},"modified":"2025-10-03T10:15:11","modified_gmt":"2025-10-03T13:15:11","slug":"politica-de-cookies","status":"publish","type":"page","link":"https:\/\/noitediadianoite.com\/es\/politica-de-cookies\/","title":{"rendered":"Pol\u00edtica de cookies"},"content":{"rendered":"<p>En nuestro sitio web utilizamos cookies para mejorar el rendimiento y la experiencia del usuario. Le recomendamos leer la siguiente informaci\u00f3n para comprender c\u00f3mo procesamos sus datos y c\u00f3mo utilizamos esta informaci\u00f3n. Nuestro sitio web utiliza los siguientes tipos de cookies:<\/p>\n\n\n\n<p><strong>Cookies esenciales:<\/strong> Son esenciales para proporcionar servicios del sitio web y garantizar funciones b\u00e1sicas, como el inicio de sesi\u00f3n en el \u00e1rea de miembros y la carga r\u00e1pida de contenido. Sin ellas, es posible que varias funciones no funcionen correctamente.<\/p>\n\n\n\n<p><strong>Cookies de funcionalidad:<\/strong> Permite que el sitio web recuerde tus preferencias, como el idioma, los datos de inicio de sesi\u00f3n y otros ajustes personalizados. Esto facilita la navegaci\u00f3n, sin necesidad de repetir informaci\u00f3n.<\/p>\n\n\n\n<p><strong>Cookies de an\u00e1lisis y rendimiento:<\/strong> Recopilamos datos sobre el tr\u00e1fico del sitio web y c\u00f3mo interact\u00faan los visitantes con \u00e9l. Esta informaci\u00f3n es an\u00f3nima e incluye el n\u00famero de visitas, p\u00e1ginas visitadas, sitios web de referencia y otras estad\u00edsticas. Se utiliza para supervisar y optimizar el funcionamiento del sitio web.<\/p>\n\n\n\n<p>Para este prop\u00f3sito, utilizamos el <strong>Google Analytics<\/strong>, que utiliza sus propias cookies. Puede encontrar m\u00e1s informaci\u00f3n sobre c\u00f3mo Google protege sus datos en: <a href=\"http:\/\/www.google.com\/analytics\/learn\/privacy.html\">Privacidad de Google<\/a><\/p>\n\n\n\n<p>Puede desactivar Google Analytics instalando esta extensi\u00f3n del navegador: <a href=\"https:\/\/tools.google.com\/dlpage\/gaoptout?hl=en-GB\">Desactivar Google Analytics<\/a><\/p>\n\n\n\n<p><strong>Cookies publicitarias:<\/strong> Analizar su experiencia de navegaci\u00f3n para mostrarle anuncios m\u00e1s relevantes seg\u00fan sus intereses. Con su permiso, pueden usar informaci\u00f3n de su historial de navegaci\u00f3n para mostrarle publicidad personalizada. Si prefiere desactivar este tipo de cookies, visite: <a href=\"https:\/\/www.youronlinechoices.com\/uk\/your-ad-choices\">Tus opciones en l\u00ednea<\/a>.<\/p>\n\n\n\n<p>Seguir\u00e1s viendo anuncios, pero no estar\u00e1n adaptados a tu perfil.<\/p>\n\n\n\n<p><strong>Cookies de redes sociales:<\/strong> se utilizan cuando compartes contenido de nuestro sitio web en plataformas como Facebook, Twitter o Google+, o accedes a nuestros materiales a trav\u00e9s de ellas.<\/p>\n\n\n\n<p>Al continuar navegando por nuestro sitio web, acepta el uso de cookies de acuerdo con esta pol\u00edtica. Para obtener m\u00e1s informaci\u00f3n sobre c\u00f3mo gestionarlas, consulte la configuraci\u00f3n de su navegador.<\/p>","protected":false},"excerpt":{"rendered":"<p>Os cookies s\u00e3o utilizados em nosso site para aprimorar a performance e a experi\u00eancia do usu\u00e1rio. Recomendamos a leitura das informa\u00e7\u00f5es a seguir para compreender de que forma tratamos seus dados e utilizamos essas informa\u00e7\u00f5es. Nosso site faz uso dos seguintes tipos de cookies: Cookies essenciais: indispens\u00e1veis para disponibilizar os servi\u00e7os do site e garantir [&hellip;]<\/p>","protected":false},"author":1,"featured_media":0,"parent":0,"menu_order":0,"comment_status":"closed","ping_status":"closed","template":"","meta":{"footnotes":""},"class_list":["post-24","page","type-page","status-publish","hentry"],"_links":{"self":[{"href":"https:\/\/noitediadianoite.com\/es\/wp-json\/wp\/v2\/pages\/24","targetHints":{"allow":["GET"]}}],"collection":[{"href":"https:\/\/noitediadianoite.com\/es\/wp-json\/wp\/v2\/pages"}],"about":[{"href":"https:\/\/noitediadianoite.com\/es\/wp-json\/wp\/v2\/types\/page"}],"author":[{"embeddable":true,"href":"https:\/\/noitediadianoite.com\/es\/wp-json\/wp\/v2\/users\/1"}],"replies":[{"embeddable":true,"href":"https:\/\/noitediadianoite.com\/es\/wp-json\/wp\/v2\/comments?post=24"}],"version-history":[{"count":1,"href":"https:\/\/noitediadianoite.com\/es\/wp-json\/wp\/v2\/pages\/24\/revisions"}],"predecessor-version":[{"id":25,"href":"https:\/\/noitediadianoite.com\/es\/wp-json\/wp\/v2\/pages\/24\/revisions\/25"}],"wp:attachment":[{"href":"https:\/\/noitediadianoite.com\/es\/wp-json\/wp\/v2\/media?parent=24"}],"curies":[{"name":"wp","href":"https:\/\/api.w.org\/{rel}","templated":true}]}}