{"id":28,"date":"2025-10-03T10:19:27","date_gmt":"2025-10-03T13:19:27","guid":{"rendered":"https:\/\/noitediadianoite.com\/?page_id=28"},"modified":"2025-10-03T10:19:27","modified_gmt":"2025-10-03T13:19:27","slug":"quem-somos","status":"publish","type":"page","link":"https:\/\/noitediadianoite.com\/es\/quem-somos\/","title":{"rendered":"Quienes somos"},"content":{"rendered":"<h1 class=\"wp-block-heading\"><strong>Acerca de Night Day Day Night<\/strong><\/h1>\n\n\n\n<p>En el acelerado mundo actual, la informaci\u00f3n de calidad es esencial. <strong>Noche d\u00eda d\u00eda Noche<\/strong> Surgi\u00f3 de la necesidad de ofrecer un portal confiable y din\u00e1mico para quienes buscan mantenerse bien informados. Aqu\u00ed, transformamos los eventos m\u00e1s relevantes de Brasil y del mundo en contenido claro, objetivo y accesible, garantizando acceso a las noticias de forma r\u00e1pida y segura.<\/p>\n\n\n\n<h2 class=\"wp-block-heading\"><strong>Nuestra misi\u00f3n<\/strong><\/h2>\n\n\n\n<p>Nuestra misi\u00f3n es simple: <strong>Informar con credibilidad, transparencia e imparcialidad<\/strong>En un contexto donde las noticias falsas circulan r\u00e1pidamente, trabajamos para ofrecer noticias verificadas, analizadas y redactadas con responsabilidad. Nuestro compromiso es mantenerte al d\u00eda con informaci\u00f3n precisa e imparcial, para que puedas formarte tu propia opini\u00f3n sobre los hechos que impactan tu vida diaria.<\/p>\n\n\n\n<h2 class=\"wp-block-heading\"><strong>\u00bfQu\u00e9 encuentras en Night Day Day Night?<\/strong><\/h2>\n\n\n\n<p>Aqu\u00ed tendr\u00e1s acceso a una amplia variedad de contenidos que cubren varios temas esenciales:<\/p>\n\n\n\n<ul class=\"wp-block-list\">\n<li><strong>Pol\u00edtica y Econom\u00eda:<\/strong> Siga los principales acontecimientos pol\u00edticos y econ\u00f3micos de Brasil y del mundo, con an\u00e1lisis y explicaciones que le ayudar\u00e1n a comprender el impacto de cada decisi\u00f3n.<\/li>\n\n\n\n<li><strong>Entretenimiento y cultura:<\/strong> Mant\u00e9ngase actualizado con lo \u00faltimo en cine, televisi\u00f3n, m\u00fasica y tendencias culturales.<\/li>\n\n\n\n<li><strong>Deportes:<\/strong> Las principales competiciones, resultados y curiosidades del mundo del deporte en tiempo real.<\/li>\n\n\n\n<li><strong>Tecnolog\u00eda e Innovaci\u00f3n:<\/strong> Lo \u00faltimo en el mundo digital, lanzamientos de gadgets, redes sociales y tendencias tecnol\u00f3gicas que dan forma al futuro.<\/li>\n\n\n\n<li><strong>Salud y bienestar:<\/strong> Consejos e informaci\u00f3n sobre calidad de vida, alimentaci\u00f3n saludable, avances en medicina y bienestar general.<\/li>\n\n\n\n<li><strong>Curiosidades y Mundo:<\/strong> Datos inusuales, descubrimientos cient\u00edficos e informaci\u00f3n que despiertan la curiosidad y ampl\u00edan el conocimiento.<\/li>\n<\/ul>\n\n\n\n<h2 class=\"wp-block-heading\"><strong>Nuestro compromiso con la verdad<\/strong><\/h2>\n\n\n\n<p>Sabemos que la confianza de nuestros lectores es nuestro mayor activo. Por eso, seguimos un riguroso proceso de verificaci\u00f3n antes de publicar cualquier informaci\u00f3n. Nuestro contenido se basa en fuentes confiables, entrevistas con expertos y an\u00e1lisis detallados para garantizar que cada noticia sea precisa y relevante.<\/p>\n\n\n\n<p>Adem\u00e1s, siempre estamos atentos a los cambios en el panorama informativo y buscamos ofrecer una visi\u00f3n equilibrada y actualizada de los hechos.<\/p>\n\n\n\n<h2 class=\"wp-block-heading\"><strong>Interacci\u00f3n y comunidad<\/strong><\/h2>\n\n\n\n<p>Creemos que la informaci\u00f3n debe ser una v\u00eda de doble sentido. Por ello, animamos a los lectores a participar, ya sea mediante comentarios, sugerencias o debates enriquecedores sobre los temas tratados. Puedes seguirnos no solo en nuestra p\u00e1gina web, sino tambi\u00e9n en nuestras redes sociales, donde compartimos contenido exclusivo y promovemos debates enriquecedores.<\/p>\n\n\n\n<h2 class=\"wp-block-heading\"><strong>\u00a1Bienvenido a Night Day Day Night!<\/strong><\/h2>\n\n\n\n<p>Si valoras la informaci\u00f3n clara, objetiva y fiable, \u00a1est\u00e1s en el lugar indicado! Continuar navegando. <strong>Noche d\u00eda d\u00eda Noche<\/strong> y mantenerse siempre bien informado.<\/p>\n\n\n\n<p>Si tienes alguna sugerencia, pregunta o quieres colaborar con nosotros, no dudes en contactarnos. \u00a1Tu participaci\u00f3n es fundamental para que este espacio sea un canal de noticias de alta calidad!<\/p>","protected":false},"excerpt":{"rendered":"<p>Sobre o Noite Dia Dia Noite No mundo acelerado de hoje, informa\u00e7\u00e3o de qualidade \u00e9 essencial. O Noite dia dia Noite nasceu da necessidade de oferecer um portal confi\u00e1vel e din\u00e2mico para quem busca estar sempre bem informado. Aqui, transformamos os acontecimentos mais relevantes do Brasil e do mundo em conte\u00fados claros, objetivos e acess\u00edveis, [&hellip;]<\/p>","protected":false},"author":1,"featured_media":0,"parent":0,"menu_order":0,"comment_status":"closed","ping_status":"closed","template":"","meta":{"footnotes":""},"class_list":["post-28","page","type-page","status-publish","hentry"],"_links":{"self":[{"href":"https:\/\/noitediadianoite.com\/es\/wp-json\/wp\/v2\/pages\/28","targetHints":{"allow":["GET"]}}],"collection":[{"href":"https:\/\/noitediadianoite.com\/es\/wp-json\/wp\/v2\/pages"}],"about":[{"href":"https:\/\/noitediadianoite.com\/es\/wp-json\/wp\/v2\/types\/page"}],"author":[{"embeddable":true,"href":"https:\/\/noitediadianoite.com\/es\/wp-json\/wp\/v2\/users\/1"}],"replies":[{"embeddable":true,"href":"https:\/\/noitediadianoite.com\/es\/wp-json\/wp\/v2\/comments?post=28"}],"version-history":[{"count":1,"href":"https:\/\/noitediadianoite.com\/es\/wp-json\/wp\/v2\/pages\/28\/revisions"}],"predecessor-version":[{"id":29,"href":"https:\/\/noitediadianoite.com\/es\/wp-json\/wp\/v2\/pages\/28\/revisions\/29"}],"wp:attachment":[{"href":"https:\/\/noitediadianoite.com\/es\/wp-json\/wp\/v2\/media?parent=28"}],"curies":[{"name":"wp","href":"https:\/\/api.w.org\/{rel}","templated":true}]}}