{"id":30,"date":"2025-10-03T10:21:22","date_gmt":"2025-10-03T13:21:22","guid":{"rendered":"https:\/\/noitediadianoite.com\/?page_id=30"},"modified":"2025-10-03T10:21:22","modified_gmt":"2025-10-03T13:21:22","slug":"termos-e-uso","status":"publish","type":"page","link":"https:\/\/noitediadianoite.com\/es\/termos-e-uso\/","title":{"rendered":"T\u00e9rminos y uso"},"content":{"rendered":"<h2 class=\"wp-block-heading\">1. Condiciones<\/h2>\n\n\n\n<p>Al acceder al sitio web\u00a0<a href=\"https:\/\/noitediadianoite.com\/es\/\" data-type=\"link\" data-id=\"https:\/\/noitediadianoite.com\/\">Noche d\u00eda d\u00eda Noche<\/a>Acepta cumplir con estos t\u00e9rminos de servicio y todas las leyes y regulaciones aplicables, y acepta ser responsable del cumplimiento de todas las leyes locales aplicables. Si no acepta alguno de estos t\u00e9rminos, se le proh\u00edbe usar o acceder a este sitio. Los materiales contenidos en este sitio est\u00e1n protegidos por las leyes de derechos de autor y marcas registradas aplicables.<\/p>\n\n\n\n<h2 class=\"wp-block-heading\">2. Licencia de uso<\/h2>\n\n\n\n<p>Se concede permiso para descargar temporalmente una copia de los materiales (informaci\u00f3n o software) del sitio web de Noite Dia Dia Noite, \u00fanicamente para su visualizaci\u00f3n transitoria personal y no comercial. Esta licencia constituye una concesi\u00f3n de licencia, no una transferencia de titularidad, y bajo esta licencia, usted no podr\u00e1:\u00a0<\/p>\n\n\n\n<ol class=\"wp-block-list\">\n<li>modificar o copiar los materiales;&nbsp;<\/li>\n\n\n\n<li>utilizar los materiales para cualquier prop\u00f3sito comercial o para cualquier exhibici\u00f3n p\u00fablica (comercial o no comercial);&nbsp;<\/li>\n\n\n\n<li>intentar descompilar o realizar ingenier\u00eda inversa a cualquier software contenido en el sitio web Noite Dia Dia Noite;\u00a0<\/li>\n\n\n\n<li>eliminar cualquier derecho de autor u otras notaciones de propiedad de los materiales; o&nbsp;<\/li>\n\n\n\n<li>transferir los materiales a otra persona o &#039;duplicar&#039; los materiales en cualquier otro servidor.<\/li>\n<\/ol>\n\n\n\n<p>Esta licencia se rescindir\u00e1 autom\u00e1ticamente si usted infringe cualquiera de estas restricciones y Noite Dia Dia Noite podr\u00e1 rescindirla en cualquier momento. Al finalizar la visualizaci\u00f3n de estos materiales o al rescindirse esta licencia, deber\u00e1 destruir todos los materiales descargados que tenga en su poder, ya sea en formato electr\u00f3nico o impreso.<\/p>\n\n\n\n<h2 class=\"wp-block-heading\">3. Descargo de responsabilidad<\/h2>\n\n\n\n<ol class=\"wp-block-list\">\n<li>Los materiales del sitio web de Noite Dia Dia Noite se proporcionan tal cual. Noite Dia Dia Noite no ofrece garant\u00edas, expresas ni impl\u00edcitas, y por la presente renuncia y niega cualquier otra garant\u00eda, incluyendo, entre otras, las garant\u00edas o condiciones impl\u00edcitas de comerciabilidad, idoneidad para un fin determinado o no infracci\u00f3n de la propiedad intelectual u otra violaci\u00f3n de derechos.<\/li>\n\n\n\n<li>Adem\u00e1s, Noite Dia Dia Noite no garantiza ni hace ninguna declaraci\u00f3n con respecto a la precisi\u00f3n, los resultados probables o la confiabilidad del uso de los materiales en su sitio web o de otro modo relacionados con dichos materiales o en cualquier sitio vinculado a este sitio.<\/li>\n<\/ol>\n\n\n\n<h2 class=\"wp-block-heading\">4. Limitaciones<\/h2>\n\n\n\n<p>En ning\u00fan caso Noite Dia Dia Noite ni sus proveedores ser\u00e1n responsables de ning\u00fan da\u00f1o (incluyendo, sin limitaci\u00f3n, da\u00f1os por p\u00e9rdida de datos o beneficios, o debido a la interrupci\u00f3n del negocio) que surja del uso o la imposibilidad de usar los materiales del sitio web de Noite Dia Dia Noite, incluso si Noite Dia Dia Dia Noite o un representante autorizado de Noite Dia Dia Noite ha sido notificado oralmente o por escrito de la posibilidad de dicho da\u00f1o. Dado que algunas jurisdicciones no permiten limitaciones a las garant\u00edas impl\u00edcitas ni limitaciones de responsabilidad por da\u00f1os consecuentes o incidentales, es posible que estas limitaciones no le sean aplicables.<\/p>\n\n\n\n<h2 class=\"wp-block-heading\">5. Precisi\u00f3n de los materiales<\/h2>\n\n\n\n<p>Los materiales publicados en el sitio web de Noite Dia Dia Noite pueden contener errores t\u00e9cnicos, tipogr\u00e1ficos o fotogr\u00e1ficos. Noite Dia Dia Noite no garantiza la exactitud, integridad ni actualidad de los materiales de su sitio web. Noite Dia Dia Noite podr\u00e1 modificar los materiales de su sitio web en cualquier momento sin previo aviso. Sin embargo, Noite Dia Dia Noite no se compromete a actualizarlos.<\/p>\n\n\n\n<h2 class=\"wp-block-heading\">6. Enlaces<\/h2>\n\n\n\n<p>Noite Dia Dia Noite no ha revisado todos los sitios enlazados a su sitio web y no se responsabiliza del contenido de ninguno de ellos. La inclusi\u00f3n de un enlace no implica la aprobaci\u00f3n del sitio por parte de Noite Dia Dia Noite. El uso de cualquier sitio enlazado es bajo la propia responsabilidad del usuario.<\/p>\n\n\n\n<h3 class=\"wp-block-heading\">Modificaciones<\/h3>\n\n\n\n<p>Noite Dia Dia Noite podr\u00e1 modificar estas condiciones de servicio de su sitio web en cualquier momento sin previo aviso. Al utilizar este sitio web, usted acepta la versi\u00f3n vigente de estas condiciones de servicio.<\/p>\n\n\n\n<h3 class=\"wp-block-heading\">Ley aplicable<\/h3>\n\n\n\n<p>Estos t\u00e9rminos y condiciones se rigen e interpretan de conformidad con las leyes de Noite Dia Dia Noite y usted se somete irrevocablemente a la jurisdicci\u00f3n exclusiva de los tribunales de ese estado o ubicaci\u00f3n.<\/p>","protected":false},"excerpt":{"rendered":"<p>1. Termos Ao acessar ao site\u00a0Noite dia dia Noite, concorda em cumprir estes termos de servi\u00e7o, todas as leis e regulamentos aplic\u00e1veis \u200b\u200be concorda que \u00e9 respons\u00e1vel pelo cumprimento de todas as leis locais aplic\u00e1veis. Se voc\u00ea n\u00e3o concordar com algum desses termos, est\u00e1 proibido de usar ou acessar este site. Os materiais contidos neste [&hellip;]<\/p>","protected":false},"author":1,"featured_media":0,"parent":0,"menu_order":0,"comment_status":"closed","ping_status":"closed","template":"","meta":{"footnotes":""},"class_list":["post-30","page","type-page","status-publish","hentry"],"_links":{"self":[{"href":"https:\/\/noitediadianoite.com\/es\/wp-json\/wp\/v2\/pages\/30","targetHints":{"allow":["GET"]}}],"collection":[{"href":"https:\/\/noitediadianoite.com\/es\/wp-json\/wp\/v2\/pages"}],"about":[{"href":"https:\/\/noitediadianoite.com\/es\/wp-json\/wp\/v2\/types\/page"}],"author":[{"embeddable":true,"href":"https:\/\/noitediadianoite.com\/es\/wp-json\/wp\/v2\/users\/1"}],"replies":[{"embeddable":true,"href":"https:\/\/noitediadianoite.com\/es\/wp-json\/wp\/v2\/comments?post=30"}],"version-history":[{"count":1,"href":"https:\/\/noitediadianoite.com\/es\/wp-json\/wp\/v2\/pages\/30\/revisions"}],"predecessor-version":[{"id":31,"href":"https:\/\/noitediadianoite.com\/es\/wp-json\/wp\/v2\/pages\/30\/revisions\/31"}],"wp:attachment":[{"href":"https:\/\/noitediadianoite.com\/es\/wp-json\/wp\/v2\/media?parent=30"}],"curies":[{"name":"wp","href":"https:\/\/api.w.org\/{rel}","templated":true}]}}