{"id":22,"date":"2025-10-03T10:14:22","date_gmt":"2025-10-03T13:14:22","guid":{"rendered":"https:\/\/noitediadianoite.com\/?page_id=22"},"modified":"2025-10-03T10:14:22","modified_gmt":"2025-10-03T13:14:22","slug":"politica-de-comentarios","status":"publish","type":"page","link":"https:\/\/noitediadianoite.com\/id\/politica-de-comentarios\/","title":{"rendered":"Kebijakan Komentar"},"content":{"rendered":"<h2 class=\"wp-block-heading\"><strong>1. Tujuan Komentar<\/strong><\/h2>\n\n\n\n<p>Tujuan kami adalah menciptakan lingkungan yang sehat dan saling menghormati untuk bertukar gagasan. Komentar diterima dengan senang hati, dan kami mendorong partisipasi pembaca, selama mereka mematuhi pedoman yang ditetapkan dalam kebijakan ini.<\/p>\n\n\n\n<h2 class=\"wp-block-heading\"><strong>2. Aturan Umum<\/strong><\/h2>\n\n\n\n<p>Untuk menjaga ruang diskusi yang produktif dan penuh rasa hormat, komentar harus mengikuti pedoman berikut:<\/p>\n\n\n\n<ul class=\"wp-block-list\">\n<li><strong>Rasa Hormat dan Kesopanan<\/strong>: Komentar yang menyinggung, diskriminatif, memfitnah, mencemarkan nama baik, atau memicu kebencian akan dihapus.<\/li>\n\n\n\n<li><strong>Tidak Ada Spam<\/strong>:Kami tidak mengizinkan komentar dengan iklan berlebihan, tautan mencurigakan, atau konten promosi yang tidak relevan.<\/li>\n\n\n\n<li><strong>Tidak Ada Berita Palsu<\/strong>:Komentar yang berisi informasi palsu, menyesatkan, atau belum diverifikasi dapat dihapus.<\/li>\n\n\n\n<li><strong>Hindari CAPS LOCK<\/strong>:Komentar yang menggunakan huruf kapital semua dapat diartikan sebagai teriakan dan tidak diterima.<\/li>\n\n\n\n<li><strong>Konten yang Sesuai<\/strong>:Komentar yang mengandung kata-kata cabul, pornografi, kekerasan atau konten tidak pantas lainnya tidak akan diterima.<\/li>\n<\/ul>\n\n\n\n<h2 class=\"wp-block-heading\"><strong>3. Moderasi Komentar<\/strong><\/h2>\n\n\n\n<p>Kami berhak meninjau, mengedit, atau menghapus komentar apa pun yang melanggar pedoman ini. Selain itu:<\/p>\n\n\n\n<ul class=\"wp-block-list\">\n<li>Komentar dapat dimoderasi sebelum atau sesudah publikasi.<\/li>\n\n\n\n<li>Komentar yang melanggar kebijakan ini dapat dihapus tanpa pemberitahuan.<\/li>\n\n\n\n<li>Pengguna yang berulang kali melanggar aturan ini dapat diblokir.<\/li>\n<\/ul>\n\n\n\n<h2 class=\"wp-block-heading\"><strong>4. Tanggung Jawab atas Komentar<\/strong><\/h2>\n\n\n\n<p>Komentar yang dipublikasikan merupakan tanggung jawab penuh penulisnya dan belum tentu mencerminkan pendapat penulis. <strong>[Nama Situs]<\/strong> atau administratornya.<\/p>\n\n\n\n<h2 class=\"wp-block-heading\"><strong>5. Hak Jawab<\/strong><\/h2>\n\n\n\n<p>Saluran berita kami menghargai kebebasan berekspresi, tetapi juga menghormati hak untuk membalas. Jika suatu komentar merusak reputasi seseorang atau suatu entitas, mereka dapat meminta penghapusan komentar tersebut atau tanggapan resmi.<\/p>\n\n\n\n<h2 class=\"wp-block-heading\"><strong>6. Perubahan Kebijakan<\/strong><\/h2>\n\n\n\n<p>Kami dapat meninjau kebijakan ini secara berkala untuk memastikannya tetap sejalan dengan prinsip-prinsip situs web dan komunitas kami.<\/p>","protected":false},"excerpt":{"rendered":"<p>1. Prop\u00f3sito dos Coment\u00e1rios Nosso objetivo \u00e9 promover um ambiente saud\u00e1vel e respeitoso para a troca de ideias. Os coment\u00e1rios s\u00e3o bem-vindos e incentivamos a participa\u00e7\u00e3o dos leitores, desde que respeitem as diretrizes estabelecidas nesta pol\u00edtica. 2. Regras Gerais Para manter um espa\u00e7o de discuss\u00e3o produtivo e respeitoso, os coment\u00e1rios devem seguir estas diretrizes: 3. [&hellip;]<\/p>","protected":false},"author":1,"featured_media":0,"parent":0,"menu_order":0,"comment_status":"closed","ping_status":"closed","template":"","meta":{"footnotes":""},"class_list":["post-22","page","type-page","status-publish","hentry"],"_links":{"self":[{"href":"https:\/\/noitediadianoite.com\/id\/wp-json\/wp\/v2\/pages\/22","targetHints":{"allow":["GET"]}}],"collection":[{"href":"https:\/\/noitediadianoite.com\/id\/wp-json\/wp\/v2\/pages"}],"about":[{"href":"https:\/\/noitediadianoite.com\/id\/wp-json\/wp\/v2\/types\/page"}],"author":[{"embeddable":true,"href":"https:\/\/noitediadianoite.com\/id\/wp-json\/wp\/v2\/users\/1"}],"replies":[{"embeddable":true,"href":"https:\/\/noitediadianoite.com\/id\/wp-json\/wp\/v2\/comments?post=22"}],"version-history":[{"count":1,"href":"https:\/\/noitediadianoite.com\/id\/wp-json\/wp\/v2\/pages\/22\/revisions"}],"predecessor-version":[{"id":23,"href":"https:\/\/noitediadianoite.com\/id\/wp-json\/wp\/v2\/pages\/22\/revisions\/23"}],"wp:attachment":[{"href":"https:\/\/noitediadianoite.com\/id\/wp-json\/wp\/v2\/media?parent=22"}],"curies":[{"name":"wp","href":"https:\/\/api.w.org\/{rel}","templated":true}]}}